{"id":12631,"date":"2017-12-08T03:16:10","date_gmt":"2017-12-08T02:16:10","guid":{"rendered":"https:\/\/ristorantesolferino.com\/?page_id=12631"},"modified":"2019-03-17T10:04:41","modified_gmt":"2019-03-17T09:04:41","slug":"lavora-con-noi","status":"publish","type":"page","link":"https:\/\/ristorantesolferino.com\/en\/lavora-con-noi\/","title":{"rendered":"Lavora con noi"},"content":{"rendered":"<p>[et_pb_section fb_built=&#8221;1&#8243; _builder_version=&#8221;3.0.47&#8243;][et_pb_row _builder_version=&#8221;3.0.47&#8243; background_size=&#8221;initial&#8221; background_position=&#8221;top_left&#8221; background_repeat=&#8221;repeat&#8221;][et_pb_column type=&#8221;4_4&#8243; _builder_version=&#8221;3.0.47&#8243;][et_pb_text _builder_version=&#8221;3.20.2&#8243; text_font=&#8221;||||||||&#8221; header_font=&#8221;||||||||&#8221; header_text_align=&#8221;center&#8221; header_2_font=&#8221;||||||||&#8221; header_2_font_size_phone=&#8221;28px&#8221; header_2_font_size_last_edited=&#8221;on|phone&#8221; header_3_font=&#8221;||||||||&#8221; header_3_line_height_phone=&#8221;1.3em&#8221; header_3_line_height_last_edited=&#8221;on|phone&#8221; text_orientation=&#8221;center&#8221;]<\/p>\n<h1>Lavora con noi<\/h1>\n<p>&nbsp;<\/p>\n<p>cerchiamo collaboratori che condividano i nostri valori di ospitalit\u00e0, professionalit\u00e0, passione e integrit\u00e0 nel lavoro.<\/p>\n<p>Se vuoi inviare la Tua candidatura, compila il form e invia il Tuo Curriculum Vitae.<\/p>\n<h3><\/h3>\n<h3><\/h3>\n<h3>Al momento, nella sezione posizioni ricercate indichiamo:<\/h3>\n<p>[\/et_pb_text][\/et_pb_column][\/et_pb_row][et_pb_row disabled_on=&#8221;on|on|off&#8221; _builder_version=&#8221;3.0.90&#8243;][et_pb_column type=&#8221;1_2&#8243; _builder_version=&#8221;3.0.90&#8243;][et_pb_image src=&#8221;https:\/\/ristorantesolferino.com\/wp-content\/uploads\/2017\/12\/freccia-sinnistra.png&#8221; align=&#8221;center&#8221; _builder_version=&#8221;3.0.90&#8243;][\/et_pb_image][\/et_pb_column][et_pb_column type=&#8221;1_2&#8243; _builder_version=&#8221;3.0.90&#8243;][et_pb_image src=&#8221;https:\/\/ristorantesolferino.com\/wp-content\/uploads\/2017\/12\/freccia-destra.png&#8221; align=&#8221;center&#8221; _builder_version=&#8221;3.0.90&#8243;][\/et_pb_image][\/et_pb_column][\/et_pb_row][et_pb_row custom_padding=&#8221;27px|0px|27px|0px&#8221; custom_padding_phone=&#8221;27px|0px|0px|0px&#8221; make_equal=&#8221;on&#8221; custom_padding_last_edited=&#8221;on|desktop&#8221; _builder_version=&#8221;3.0.90&#8243;][et_pb_column type=&#8221;1_2&#8243; _builder_version=&#8221;3.0.90&#8243;][et_pb_pricing_tables featured_table_header_background_color=&#8221;#7EBEC5&#8243; header_background_color=&#8221;#7A929E&#8221; _builder_version=&#8221;3.16&#8243; header_font=&#8221;||||||||&#8221; header_font_size_phone=&#8221;28px&#8221; header_font_size_last_edited=&#8221;on|phone&#8221; border_radii=&#8221;on|30px|30px|30px|30px&#8221; custom_button=&#8221;on&#8221; button_text_color=&#8221;#7A929E&#8221; button_border_radius=&#8221;10px&#8221; button_font=&#8221;||||||||&#8221; button_text_size_phone=&#8221;16px&#8221; button_text_size_last_edited=&#8221;on|desktop&#8221; text_orientation=&#8221;center&#8221; button_border_radius_hover=&#8221;10px&#8221; button_text_size__hover_enabled=&#8221;off&#8221; button_one_text_size__hover_enabled=&#8221;off&#8221; button_two_text_size__hover_enabled=&#8221;off&#8221; button_text_color__hover_enabled=&#8221;off&#8221; button_one_text_color__hover_enabled=&#8221;off&#8221; button_two_text_color__hover_enabled=&#8221;off&#8221; button_border_width__hover_enabled=&#8221;off&#8221; button_one_border_width__hover_enabled=&#8221;off&#8221; button_two_border_width__hover_enabled=&#8221;off&#8221; button_border_color__hover_enabled=&#8221;off&#8221; button_one_border_color__hover_enabled=&#8221;off&#8221; button_two_border_color__hover_enabled=&#8221;off&#8221; button_border_radius__hover_enabled=&#8221;on&#8221; button_border_radius__hover=&#8221;10px&#8221; button_one_border_radius__hover_enabled=&#8221;off&#8221; button_two_border_radius__hover_enabled=&#8221;off&#8221; button_letter_spacing__hover_enabled=&#8221;off&#8221; button_one_letter_spacing__hover_enabled=&#8221;off&#8221; button_two_letter_spacing__hover_enabled=&#8221;off&#8221; button_bg_color__hover_enabled=&#8221;off&#8221; button_one_bg_color__hover_enabled=&#8221;off&#8221; button_two_bg_color__hover_enabled=&#8221;off&#8221;][et_pb_pricing_table title=&#8221;Cucina&#8221; subtitle=&#8221;Posizioni aperte&#8221; button_url=&#8221;#form-candidatura&#8221; button_text=&#8221;invia candidatura&#8221; _builder_version=&#8221;3.16&#8243; currency_frequency_font=&#8221;||||||||&#8221; button_text_size__hover_enabled=&#8221;off&#8221; button_one_text_size__hover_enabled=&#8221;off&#8221; button_two_text_size__hover_enabled=&#8221;off&#8221; button_text_color__hover_enabled=&#8221;off&#8221; button_one_text_color__hover_enabled=&#8221;off&#8221; button_two_text_color__hover_enabled=&#8221;off&#8221; button_border_width__hover_enabled=&#8221;off&#8221; button_one_border_width__hover_enabled=&#8221;off&#8221; button_two_border_width__hover_enabled=&#8221;off&#8221; button_border_color__hover_enabled=&#8221;off&#8221; button_one_border_color__hover_enabled=&#8221;off&#8221; button_two_border_color__hover_enabled=&#8221;off&#8221; button_border_radius__hover_enabled=&#8221;off&#8221; button_one_border_radius__hover_enabled=&#8221;off&#8221; button_two_border_radius__hover_enabled=&#8221;off&#8221; button_letter_spacing__hover_enabled=&#8221;off&#8221; button_one_letter_spacing__hover_enabled=&#8221;off&#8221; button_two_letter_spacing__hover_enabled=&#8221;off&#8221; button_bg_color__hover_enabled=&#8221;off&#8221; button_one_bg_color__hover_enabled=&#8221;off&#8221; button_two_bg_color__hover_enabled=&#8221;off&#8221;]<\/p>\n<p>Sous Chef<\/p>\n<p>Chef de Partie<\/p>\n<p>Demi Chef de Partie<\/p>\n<p>[\/et_pb_pricing_table][\/et_pb_pricing_tables][\/et_pb_column][et_pb_column type=&#8221;1_2&#8243; _builder_version=&#8221;3.0.90&#8243;][et_pb_pricing_tables header_background_color=&#8221;#7EBEC5&#8243; _builder_version=&#8221;3.16&#8243; header_font=&#8221;||||||||&#8221; header_font_size_phone=&#8221;28px&#8221; header_font_size_last_edited=&#8221;on|phone&#8221; body_font=&#8221;||||||||&#8221; border_radii=&#8221;on|30px|30px|30px|30px&#8221; custom_button=&#8221;on&#8221; button_border_radius=&#8221;10px&#8221; button_font=&#8221;||||||||&#8221; button_text_size_phone=&#8221;16px&#8221; button_text_size_last_edited=&#8221;on|phone&#8221; text_orientation=&#8221;center&#8221; button_border_radius_hover=&#8221;10px&#8221; button_text_size__hover_enabled=&#8221;off&#8221; button_one_text_size__hover_enabled=&#8221;off&#8221; button_two_text_size__hover_enabled=&#8221;off&#8221; button_text_color__hover_enabled=&#8221;off&#8221; button_one_text_color__hover_enabled=&#8221;off&#8221; button_two_text_color__hover_enabled=&#8221;off&#8221; button_border_width__hover_enabled=&#8221;off&#8221; button_one_border_width__hover_enabled=&#8221;off&#8221; button_two_border_width__hover_enabled=&#8221;off&#8221; button_border_color__hover_enabled=&#8221;off&#8221; button_one_border_color__hover_enabled=&#8221;off&#8221; button_two_border_color__hover_enabled=&#8221;off&#8221; button_border_radius__hover_enabled=&#8221;on&#8221; button_border_radius__hover=&#8221;10px&#8221; button_one_border_radius__hover_enabled=&#8221;off&#8221; button_two_border_radius__hover_enabled=&#8221;off&#8221; button_letter_spacing__hover_enabled=&#8221;off&#8221; button_one_letter_spacing__hover_enabled=&#8221;off&#8221; button_two_letter_spacing__hover_enabled=&#8221;off&#8221; button_bg_color__hover_enabled=&#8221;off&#8221; button_one_bg_color__hover_enabled=&#8221;off&#8221; button_two_bg_color__hover_enabled=&#8221;off&#8221;][et_pb_pricing_table title=&#8221;Sala&#8221; subtitle=&#8221;Posizioni aperte&#8221; button_url=&#8221;#form-candidatura&#8221; button_text=&#8221;invia candidatura&#8221; _builder_version=&#8221;3.16&#8243; body_font=&#8221;||||||||&#8221; currency_frequency_font=&#8221;||||||||&#8221; custom_button=&#8221;on&#8221; button_text_color=&#8221;#7CBDC4&#8243; button_font=&#8221;||||||||&#8221; button_text_size__hover_enabled=&#8221;off&#8221; button_one_text_size__hover_enabled=&#8221;off&#8221; button_two_text_size__hover_enabled=&#8221;off&#8221; button_text_color__hover_enabled=&#8221;off&#8221; button_one_text_color__hover_enabled=&#8221;off&#8221; button_two_text_color__hover_enabled=&#8221;off&#8221; button_border_width__hover_enabled=&#8221;off&#8221; button_one_border_width__hover_enabled=&#8221;off&#8221; button_two_border_width__hover_enabled=&#8221;off&#8221; button_border_color__hover_enabled=&#8221;off&#8221; button_one_border_color__hover_enabled=&#8221;off&#8221; button_two_border_color__hover_enabled=&#8221;off&#8221; button_border_radius__hover_enabled=&#8221;off&#8221; button_one_border_radius__hover_enabled=&#8221;off&#8221; button_two_border_radius__hover_enabled=&#8221;off&#8221; button_letter_spacing__hover_enabled=&#8221;off&#8221; button_one_letter_spacing__hover_enabled=&#8221;off&#8221; button_two_letter_spacing__hover_enabled=&#8221;off&#8221; button_bg_color__hover_enabled=&#8221;off&#8221; button_one_bg_color__hover_enabled=&#8221;off&#8221; button_two_bg_color__hover_enabled=&#8221;off&#8221;]<\/p>\n<p>Chef de Rang<\/p>\n<p>Commis de Rang<\/p>\n<p>[\/et_pb_pricing_table][\/et_pb_pricing_tables][\/et_pb_column][\/et_pb_row][et_pb_row custom_padding=&#8221;|10%||10%&#8221; custom_padding_phone=&#8221;0px|0px||0px&#8221; custom_padding_last_edited=&#8221;on|phone&#8221; module_id=&#8221;form-candidatura&#8221; _builder_version=&#8221;3.0.90&#8243;][et_pb_column type=&#8221;4_4&#8243; _builder_version=&#8221;3.0.90&#8243;][et_pb_text _builder_version=&#8221;3.0.101&#8243;]<\/p>\n\n<div class=\"wpcf7 no-js\" id=\"wpcf7-f12637-o1\" lang=\"it-IT\" dir=\"ltr\" data-wpcf7-id=\"12637\">\n<div class=\"screen-reader-response\"><p role=\"status\" aria-live=\"polite\" aria-atomic=\"true\"><\/p> <ul><\/ul><\/div>\n<form action=\"\/en\/wp-json\/wp\/v2\/pages\/12631#wpcf7-f12637-o1\" method=\"post\" class=\"wpcf7-form init cf7-style cf7-style-12652\" aria-label=\"Modulo di contatto\" enctype=\"multipart\/form-data\" novalidate=\"novalidate\" data-status=\"init\">\n<fieldset class=\"hidden-fields-container\"><input type=\"hidden\" name=\"_wpcf7\" value=\"12637\" \/><input type=\"hidden\" name=\"_wpcf7_version\" value=\"6.1.5\" \/><input type=\"hidden\" name=\"_wpcf7_locale\" value=\"it_IT\" \/><input type=\"hidden\" name=\"_wpcf7_unit_tag\" value=\"wpcf7-f12637-o1\" \/><input type=\"hidden\" name=\"_wpcf7_container_post\" value=\"0\" \/><input type=\"hidden\" name=\"_wpcf7_posted_data_hash\" value=\"\" \/><input type=\"hidden\" name=\"_wpcf7_recaptcha_response\" value=\"\" \/>\n<\/fieldset>\n<p>Tutti i campi sono obbligatori\n<\/p>\n<p><label> Nome e Cognome<br \/>\n<span class=\"wpcf7-form-control-wrap\" data-name=\"your-name\"><input size=\"40\" maxlength=\"400\" class=\"wpcf7-form-control wpcf7-text wpcf7-validates-as-required\" aria-required=\"true\" aria-invalid=\"false\" value=\"\" type=\"text\" name=\"your-name\" \/><\/span> <\/label>\n<\/p>\n<p><label> Telefono<br \/>\n<span class=\"wpcf7-form-control-wrap\" data-name=\"tel-844\"><input size=\"40\" maxlength=\"400\" class=\"wpcf7-form-control wpcf7-tel wpcf7-validates-as-required wpcf7-text wpcf7-validates-as-tel\" aria-required=\"true\" aria-invalid=\"false\" value=\"\" type=\"tel\" name=\"tel-844\" \/><\/span> <\/label>\n<\/p>\n<p><label> email<br \/>\n<span class=\"wpcf7-form-control-wrap\" data-name=\"your-email\"><input size=\"40\" maxlength=\"400\" class=\"wpcf7-form-control wpcf7-email wpcf7-validates-as-required wpcf7-text wpcf7-validates-as-email\" aria-required=\"true\" aria-invalid=\"false\" value=\"\" type=\"email\" name=\"your-email\" \/><\/span> <\/label>\n<\/p>\n<p><label> Oggetto<br \/>\n<span class=\"wpcf7-form-control-wrap\" data-name=\"your-subject\"><input size=\"40\" maxlength=\"400\" class=\"wpcf7-form-control wpcf7-text wpcf7-validates-as-required\" aria-required=\"true\" aria-invalid=\"false\" value=\"\" type=\"text\" name=\"your-subject\" \/><\/span> <\/label>\n<\/p>\n<p><label> Posizione Candidatura<br \/>\n<span class=\"wpcf7-form-control-wrap\" data-name=\"posizione-candidatura\"><input size=\"40\" maxlength=\"400\" class=\"wpcf7-form-control wpcf7-text wpcf7-validates-as-required\" aria-required=\"true\" aria-invalid=\"false\" value=\"\" type=\"text\" name=\"posizione-candidatura\" \/><\/span> <\/label>\n<\/p>\n<p><label> Il tuo messaggio<br \/>\n<span class=\"wpcf7-form-control-wrap\" data-name=\"your-message\"><textarea cols=\"40\" rows=\"10\" maxlength=\"2000\" class=\"wpcf7-form-control wpcf7-textarea wpcf7-validates-as-required\" aria-required=\"true\" aria-invalid=\"false\" name=\"your-message\"><\/textarea><\/span> <\/label>\n<\/p>\n<p><label> Allega il tuo curriculum (pdf-doc-docx)<br \/>\n<span class=\"wpcf7-form-control-wrap\" data-name=\"file-curriculum\"><input size=\"40\" class=\"wpcf7-form-control wpcf7-file wpcf7-validates-as-required\" accept=\".pdf,.doc,.docx\" aria-required=\"true\" aria-invalid=\"false\" type=\"file\" name=\"file-curriculum\" \/><\/span> <\/label><br \/>\n<label>\n\t<\/label>\n<\/p>\n<p><button class=\"wpcf7-form-control wpcf7-submit has-spinner et_pb_button et_pb_bg_layout_light\" type=\"submit\" value=\"Invia\">Invia<\/button>\n<\/p><input type='hidden' class='wpcf7-pum' value='{\"closepopup\":false,\"closedelay\":0,\"openpopup\":false,\"openpopup_id\":0}' \/><div class=\"wpcf7-response-output\" aria-hidden=\"true\"><\/div>\n<\/form>\n<\/div>\n\n<p>[\/et_pb_text][\/et_pb_column][\/et_pb_row][\/et_pb_section]<\/p>\n","protected":false},"excerpt":{"rendered":"<p>Lavora con noi &nbsp; cerchiamo collaboratori che condividano i nostri valori di ospitalit\u00e0, professionalit\u00e0, passione e integrit\u00e0 nel lavoro. Se vuoi inviare la Tua candidatura, compila il form e invia il Tuo Curriculum Vitae. Al momento, nella sezione posizioni ricercate indichiamo: Sous Chef Chef de Partie Demi Chef de PartieChef de Rang Commis de Rang\n<div class=\"wpcf7 no-js\" id=\"wpcf7-f12637-o2\" lang=\"it-IT\" dir=\"ltr\" data-wpcf7-id=\"12637\">\n<div class=\"screen-reader-response\"><p role=\"status\" aria-live=\"polite\" aria-atomic=\"true\"><\/p> <ul><\/ul><\/div>\n<form action=\"\/en\/wp-json\/wp\/v2\/pages\/12631#wpcf7-f12637-o2\" method=\"post\" class=\"wpcf7-form init cf7-style cf7-style-12652\" aria-label=\"Modulo di contatto\" enctype=\"multipart\/form-data\" novalidate=\"novalidate\" data-status=\"init\">\n<fieldset class=\"hidden-fields-container\"><input type=\"hidden\" name=\"_wpcf7\" value=\"12637\" \/><input type=\"hidden\" name=\"_wpcf7_version\" value=\"6.1.5\" \/><input type=\"hidden\" name=\"_wpcf7_locale\" value=\"it_IT\" \/><input type=\"hidden\" name=\"_wpcf7_unit_tag\" value=\"wpcf7-f12637-o2\" \/><input type=\"hidden\" name=\"_wpcf7_container_post\" value=\"0\" \/><input type=\"hidden\" name=\"_wpcf7_posted_data_hash\" value=\"\" \/><input type=\"hidden\" name=\"_wpcf7_recaptcha_response\" value=\"\" \/>\n<\/fieldset>\n<p>Tutti i campi sono obbligatori\n<\/p>\n<p><label> Nome e Cognome<br \/>\n<span class=\"wpcf7-form-control-wrap\" data-name=\"your-name\"><input size=\"40\" maxlength=\"400\" class=\"wpcf7-form-control wpcf7-text wpcf7-validates-as-required\" aria-required=\"true\" aria-invalid=\"false\" value=\"\" type=\"text\" name=\"your-name\" \/><\/span> <\/label>\n<\/p>\n<p><label> Telefono<br \/>\n<span class=\"wpcf7-form-control-wrap\" data-name=\"tel-844\"><input size=\"40\" maxlength=\"400\" class=\"wpcf7-form-control wpcf7-tel wpcf7-validates-as-required wpcf7-text wpcf7-validates-as-tel\" aria-required=\"true\" aria-invalid=\"false\" value=\"\" type=\"tel\" name=\"tel-844\" \/><\/span> <\/label>\n<\/p>\n<p><label> email<br \/>\n<span class=\"wpcf7-form-control-wrap\" data-name=\"your-email\"><input size=\"40\" maxlength=\"400\" class=\"wpcf7-form-control wpcf7-email wpcf7-validates-as-required wpcf7-text wpcf7-validates-as-email\" aria-required=\"true\" aria-invalid=\"false\" value=\"\" type=\"email\" name=\"your-email\" \/><\/span> <\/label>\n<\/p>\n<p><label> Oggetto<br \/>\n<span class=\"wpcf7-form-control-wrap\" data-name=\"your-subject\"><input size=\"40\" maxlength=\"400\" class=\"wpcf7-form-control wpcf7-text wpcf7-validates-as-required\" aria-required=\"true\" aria-invalid=\"false\" value=\"\" type=\"text\" name=\"your-subject\" \/><\/span> <\/label>\n<\/p>\n<p><label> Posizione Candidatura<br \/>\n<span class=\"wpcf7-form-control-wrap\" data-name=\"posizione-candidatura\"><input size=\"40\" maxlength=\"400\" class=\"wpcf7-form-control wpcf7-text wpcf7-validates-as-required\" aria-required=\"true\" aria-invalid=\"false\" value=\"\" type=\"text\" name=\"posizione-candidatura\" \/><\/span> <\/label>\n<\/p>\n<p><label> Il tuo messaggio<br \/>\n<span class=\"wpcf7-form-control-wrap\" data-name=\"your-message\"><textarea cols=\"40\" rows=\"10\" maxlength=\"2000\" class=\"wpcf7-form-control wpcf7-textarea wpcf7-validates-as-required\" aria-required=\"true\" aria-invalid=\"false\" name=\"your-message\"><\/textarea><\/span> <\/label>\n<\/p>\n<p><label> Allega il tuo curriculum (pdf-doc-docx)<br \/>\n<span class=\"wpcf7-form-control-wrap\" data-name=\"file-curriculum\"><input size=\"40\" class=\"wpcf7-form-control wpcf7-file wpcf7-validates-as-required\" accept=\".pdf,.doc,.docx\" aria-required=\"true\" aria-invalid=\"false\" type=\"file\" name=\"file-curriculum\" \/><\/span> <\/label><br \/>\n<label>\n\t<\/label>\n<\/p>\n<p><button class=\"wpcf7-form-control wpcf7-submit has-spinner et_pb_button et_pb_bg_layout_light\" type=\"submit\" value=\"Invia\">Invia<\/button>\n<\/p><input type='hidden' class='wpcf7-pum' value='{\"closepopup\":false,\"closedelay\":0,\"openpopup\":false,\"openpopup_id\":0}' \/><div class=\"wpcf7-response-output\" aria-hidden=\"true\"><\/div>\n<\/form>\n<\/div>\n<\/p>\n","protected":false},"author":93,"featured_media":0,"parent":0,"menu_order":0,"comment_status":"closed","ping_status":"closed","template":"","meta":{"_acf_changed":false,"_et_pb_use_builder":"on","_et_pb_old_content":"","_et_gb_content_width":"","ngg_post_thumbnail":0,"footnotes":""},"class_list":["post-12631","page","type-page","status-publish","hentry"],"acf":[],"yoast_head":"<!-- This site is optimized with the Yoast SEO plugin v27.4 - https:\/\/yoast.com\/product\/yoast-seo-wordpress\/ -->\n<title>Lavora con noi - Ristorante Solferino - Cucina Piemontese Torino<\/title>\n<meta name=\"robots\" content=\"index, follow, max-snippet:-1, max-image-preview:large, max-video-preview:-1\" \/>\n<link rel=\"canonical\" href=\"https:\/\/ristorantesolferino.com\/en\/lavora-con-noi\/\" \/>\n<meta property=\"og:locale\" content=\"en_US\" \/>\n<meta property=\"og:type\" content=\"article\" \/>\n<meta property=\"og:title\" content=\"Lavora con noi - Ristorante Solferino - Cucina Piemontese Torino\" \/>\n<meta property=\"og:description\" content=\"Lavora con noi &nbsp; cerchiamo collaboratori che condividano i nostri valori di ospitalit\u00e0, professionalit\u00e0, passione e integrit\u00e0 nel lavoro. Se vuoi inviare la Tua candidatura, compila il form e invia il Tuo Curriculum Vitae. Al momento, nella sezione posizioni ricercate indichiamo: Sous Chef Chef de Partie Demi Chef de PartieChef de Rang Commis de Rang\" \/>\n<meta property=\"og:site_name\" content=\"Ristorante Solferino - Cucina Piemontese Torino\" \/>\n<meta property=\"article:publisher\" content=\"https:\/\/www.facebook.com\/@ristorantesolferino\" \/>\n<meta property=\"article:modified_time\" content=\"2019-03-17T09:04:41+00:00\" \/>\n<meta name=\"twitter:card\" content=\"summary_large_image\" \/>\n<meta name=\"twitter:label1\" content=\"Est. reading time\" \/>\n\t<meta name=\"twitter:data1\" content=\"5 minutes\" \/>\n<script type=\"application\/ld+json\" class=\"yoast-schema-graph\">{\"@context\":\"https:\\\/\\\/schema.org\",\"@graph\":[{\"@type\":\"WebPage\",\"@id\":\"https:\\\/\\\/ristorantesolferino.com\\\/en\\\/lavora-con-noi\\\/\",\"url\":\"https:\\\/\\\/ristorantesolferino.com\\\/en\\\/lavora-con-noi\\\/\",\"name\":\"Lavora con noi - Ristorante Solferino - Cucina Piemontese Torino\",\"isPartOf\":{\"@id\":\"https:\\\/\\\/ristorantesolferino.com\\\/en\\\/#website\"},\"datePublished\":\"2017-12-08T02:16:10+00:00\",\"dateModified\":\"2019-03-17T09:04:41+00:00\",\"breadcrumb\":{\"@id\":\"https:\\\/\\\/ristorantesolferino.com\\\/en\\\/lavora-con-noi\\\/#breadcrumb\"},\"inLanguage\":\"en-US\",\"potentialAction\":[{\"@type\":\"ReadAction\",\"target\":[\"https:\\\/\\\/ristorantesolferino.com\\\/en\\\/lavora-con-noi\\\/\"]}]},{\"@type\":\"BreadcrumbList\",\"@id\":\"https:\\\/\\\/ristorantesolferino.com\\\/en\\\/lavora-con-noi\\\/#breadcrumb\",\"itemListElement\":[{\"@type\":\"ListItem\",\"position\":1,\"name\":\"Home\",\"item\":\"https:\\\/\\\/ristorantesolferino.com\\\/en\\\/\"},{\"@type\":\"ListItem\",\"position\":2,\"name\":\"Lavora con noi\"}]},{\"@type\":\"WebSite\",\"@id\":\"https:\\\/\\\/ristorantesolferino.com\\\/en\\\/#website\",\"url\":\"https:\\\/\\\/ristorantesolferino.com\\\/en\\\/\",\"name\":\"Ristorante Solferino - Cucina Piemontese Torino\",\"description\":\"Il Tuo Ristorante nel Centro di Torino - Cucina Tipica Piemontese\",\"publisher\":{\"@id\":\"https:\\\/\\\/ristorantesolferino.com\\\/en\\\/#organization\"},\"potentialAction\":[{\"@type\":\"SearchAction\",\"target\":{\"@type\":\"EntryPoint\",\"urlTemplate\":\"https:\\\/\\\/ristorantesolferino.com\\\/en\\\/?s={search_term_string}\"},\"query-input\":{\"@type\":\"PropertyValueSpecification\",\"valueRequired\":true,\"valueName\":\"search_term_string\"}}],\"inLanguage\":\"en-US\"},{\"@type\":\"Organization\",\"@id\":\"https:\\\/\\\/ristorantesolferino.com\\\/en\\\/#organization\",\"name\":\"Ristorante Solferino - Cucina Piemontese Torino\",\"url\":\"https:\\\/\\\/ristorantesolferino.com\\\/en\\\/\",\"logo\":{\"@type\":\"ImageObject\",\"inLanguage\":\"en-US\",\"@id\":\"https:\\\/\\\/ristorantesolferino.com\\\/en\\\/#\\\/schema\\\/logo\\\/image\\\/\",\"url\":\"https:\\\/\\\/ristorantesolferino.com\\\/wp-content\\\/uploads\\\/2017\\\/11\\\/logo-contatti.png\",\"contentUrl\":\"https:\\\/\\\/ristorantesolferino.com\\\/wp-content\\\/uploads\\\/2017\\\/11\\\/logo-contatti.png\",\"width\":262,\"height\":143,\"caption\":\"Ristorante Solferino - Cucina Piemontese Torino\"},\"image\":{\"@id\":\"https:\\\/\\\/ristorantesolferino.com\\\/en\\\/#\\\/schema\\\/logo\\\/image\\\/\"},\"sameAs\":[\"https:\\\/\\\/www.facebook.com\\\/@ristorantesolferino\"]}]}<\/script>\n<!-- \/ Yoast SEO plugin. -->","yoast_head_json":{"title":"Lavora con noi - Ristorante Solferino - Cucina Piemontese Torino","robots":{"index":"index","follow":"follow","max-snippet":"max-snippet:-1","max-image-preview":"max-image-preview:large","max-video-preview":"max-video-preview:-1"},"canonical":"https:\/\/ristorantesolferino.com\/en\/lavora-con-noi\/","og_locale":"en_US","og_type":"article","og_title":"Lavora con noi - Ristorante Solferino - Cucina Piemontese Torino","og_description":"Lavora con noi &nbsp; cerchiamo collaboratori che condividano i nostri valori di ospitalit\u00e0, professionalit\u00e0, passione e integrit\u00e0 nel lavoro. Se vuoi inviare la Tua candidatura, compila il form e invia il Tuo Curriculum Vitae. Al momento, nella sezione posizioni ricercate indichiamo: Sous Chef Chef de Partie Demi Chef de PartieChef de Rang Commis de Rang","og_site_name":"Ristorante Solferino - Cucina Piemontese Torino","article_publisher":"https:\/\/www.facebook.com\/@ristorantesolferino","article_modified_time":"2019-03-17T09:04:41+00:00","twitter_card":"summary_large_image","twitter_misc":{"Est. reading time":"5 minutes"},"schema":{"@context":"https:\/\/schema.org","@graph":[{"@type":"WebPage","@id":"https:\/\/ristorantesolferino.com\/en\/lavora-con-noi\/","url":"https:\/\/ristorantesolferino.com\/en\/lavora-con-noi\/","name":"Lavora con noi - Ristorante Solferino - Cucina Piemontese Torino","isPartOf":{"@id":"https:\/\/ristorantesolferino.com\/en\/#website"},"datePublished":"2017-12-08T02:16:10+00:00","dateModified":"2019-03-17T09:04:41+00:00","breadcrumb":{"@id":"https:\/\/ristorantesolferino.com\/en\/lavora-con-noi\/#breadcrumb"},"inLanguage":"en-US","potentialAction":[{"@type":"ReadAction","target":["https:\/\/ristorantesolferino.com\/en\/lavora-con-noi\/"]}]},{"@type":"BreadcrumbList","@id":"https:\/\/ristorantesolferino.com\/en\/lavora-con-noi\/#breadcrumb","itemListElement":[{"@type":"ListItem","position":1,"name":"Home","item":"https:\/\/ristorantesolferino.com\/en\/"},{"@type":"ListItem","position":2,"name":"Lavora con noi"}]},{"@type":"WebSite","@id":"https:\/\/ristorantesolferino.com\/en\/#website","url":"https:\/\/ristorantesolferino.com\/en\/","name":"Ristorante Solferino - Cucina Piemontese Torino","description":"Il Tuo Ristorante nel Centro di Torino - Cucina Tipica Piemontese","publisher":{"@id":"https:\/\/ristorantesolferino.com\/en\/#organization"},"potentialAction":[{"@type":"SearchAction","target":{"@type":"EntryPoint","urlTemplate":"https:\/\/ristorantesolferino.com\/en\/?s={search_term_string}"},"query-input":{"@type":"PropertyValueSpecification","valueRequired":true,"valueName":"search_term_string"}}],"inLanguage":"en-US"},{"@type":"Organization","@id":"https:\/\/ristorantesolferino.com\/en\/#organization","name":"Ristorante Solferino - Cucina Piemontese Torino","url":"https:\/\/ristorantesolferino.com\/en\/","logo":{"@type":"ImageObject","inLanguage":"en-US","@id":"https:\/\/ristorantesolferino.com\/en\/#\/schema\/logo\/image\/","url":"https:\/\/ristorantesolferino.com\/wp-content\/uploads\/2017\/11\/logo-contatti.png","contentUrl":"https:\/\/ristorantesolferino.com\/wp-content\/uploads\/2017\/11\/logo-contatti.png","width":262,"height":143,"caption":"Ristorante Solferino - Cucina Piemontese Torino"},"image":{"@id":"https:\/\/ristorantesolferino.com\/en\/#\/schema\/logo\/image\/"},"sameAs":["https:\/\/www.facebook.com\/@ristorantesolferino"]}]}},"_links":{"self":[{"href":"https:\/\/ristorantesolferino.com\/en\/wp-json\/wp\/v2\/pages\/12631","targetHints":{"allow":["GET"]}}],"collection":[{"href":"https:\/\/ristorantesolferino.com\/en\/wp-json\/wp\/v2\/pages"}],"about":[{"href":"https:\/\/ristorantesolferino.com\/en\/wp-json\/wp\/v2\/types\/page"}],"author":[{"embeddable":true,"href":"https:\/\/ristorantesolferino.com\/en\/wp-json\/wp\/v2\/users\/93"}],"replies":[{"embeddable":true,"href":"https:\/\/ristorantesolferino.com\/en\/wp-json\/wp\/v2\/comments?post=12631"}],"version-history":[{"count":5,"href":"https:\/\/ristorantesolferino.com\/en\/wp-json\/wp\/v2\/pages\/12631\/revisions"}],"predecessor-version":[{"id":176035,"href":"https:\/\/ristorantesolferino.com\/en\/wp-json\/wp\/v2\/pages\/12631\/revisions\/176035"}],"wp:attachment":[{"href":"https:\/\/ristorantesolferino.com\/en\/wp-json\/wp\/v2\/media?parent=12631"}],"curies":[{"name":"wp","href":"https:\/\/api.w.org\/{rel}","templated":true}]}}